{"id":2777,"date":"2025-09-07T20:54:57","date_gmt":"2025-09-07T20:54:57","guid":{"rendered":"https:\/\/glassrock.com\/product\/mini-antique-green-olive-oil-bottle-100ml\/"},"modified":"2025-09-07T20:54:57","modified_gmt":"2025-09-07T20:54:57","slug":"mini-antique-green-olive-oil-bottle-100ml","status":"publish","type":"product","link":"https:\/\/glassrock.com\/cs\/product\/mini-antique-green-olive-oil-bottle-100ml\/","title":{"rendered":"Mini Antique Green Olive Oil Bottle 100ml"},"content":{"rendered":"","protected":false},"excerpt":{"rendered":"","protected":false},"featured_media":2594,"comment_status":"open","ping_status":"closed","template":"","meta":{"_acf_changed":false},"product_brand":[],"product_cat":[88],"product_tag":[],"class_list":{"0":"post-2777","1":"product","2":"type-product","3":"status-publish","4":"has-post-thumbnail","6":"product_cat-oil-bottles","7":"pa_type-de-bouteille-oil","9":"first","10":"instock","11":"shipping-taxable","12":"product-type-simple"},"acf":[],"yoast_head":"<!-- This site is optimized with the Yoast SEO plugin v27.2 - https:\/\/yoast.com\/product\/yoast-seo-wordpress\/ -->\n<title>Oil Bottle antique green 100ml 134g 126mm 42mm Glassrock<\/title>\n<meta name=\"description\" content=\"Olive Oil Bottle antique green with a volume of 100ml; weight 134g; height 126mm; diameter 42mm Glassrock. Customizable Oil Bottle from 80,000 bottles.\" \/>\n<meta name=\"robots\" content=\"index, follow, max-snippet:-1, max-image-preview:large, max-video-preview:-1\" \/>\n<link rel=\"canonical\" href=\"https:\/\/glassrock.com\/cs\/product\/mini-antique-green-olive-oil-bottle-100ml\/\" \/>\n<meta property=\"og:locale\" content=\"cs_CZ\" \/>\n<meta property=\"og:type\" content=\"article\" \/>\n<meta property=\"og:title\" content=\"Oil Bottle antique green 100ml 134g 126mm 42mm Glassrock\" \/>\n<meta property=\"og:description\" content=\"Olive Oil Bottle antique green with a volume of 100ml; weight 134g; height 126mm; diameter 42mm Glassrock. Customizable Oil Bottle from 80,000 bottles.\" \/>\n<meta property=\"og:url\" content=\"https:\/\/glassrock.com\/cs\/product\/mini-antique-green-olive-oil-bottle-100ml\/\" \/>\n<meta property=\"og:site_name\" content=\"glassrock.com\" \/>\n<meta property=\"og:image\" content=\"https:\/\/glassrock.com\/wp-content\/uploads\/2025\/09\/Mini-Antique-Green-Olive-Oil-Bottle-100ml.png\" \/>\n\t<meta property=\"og:image:width\" content=\"458\" \/>\n\t<meta property=\"og:image:height\" content=\"632\" \/>\n\t<meta property=\"og:image:type\" content=\"image\/png\" \/>\n<meta name=\"twitter:card\" content=\"summary_large_image\" \/>\n<script type=\"application\/ld+json\" class=\"yoast-schema-graph\">{\"@context\":\"https:\/\/schema.org\",\"@graph\":[{\"@type\":\"WebPage\",\"@id\":\"https:\/\/glassrock.com\/product\/mini-antique-green-olive-oil-bottle-100ml\/\",\"url\":\"https:\/\/glassrock.com\/product\/mini-antique-green-olive-oil-bottle-100ml\/\",\"name\":\"Oil Bottle antique green 100ml 134g 126mm 42mm Glassrock\",\"isPartOf\":{\"@id\":\"https:\/\/glassrock.com\/#website\"},\"primaryImageOfPage\":{\"@id\":\"https:\/\/glassrock.com\/product\/mini-antique-green-olive-oil-bottle-100ml\/#primaryimage\"},\"image\":{\"@id\":\"https:\/\/glassrock.com\/product\/mini-antique-green-olive-oil-bottle-100ml\/#primaryimage\"},\"thumbnailUrl\":\"https:\/\/glassrock.com\/wp-content\/uploads\/2025\/09\/Mini-Antique-Green-Olive-Oil-Bottle-100ml.png\",\"datePublished\":\"2025-09-07T20:54:57+00:00\",\"description\":\"Olive Oil Bottle antique green with a volume of 100ml; weight 134g; height 126mm; diameter 42mm Glassrock. Customizable Oil Bottle from 80,000 bottles.\",\"breadcrumb\":{\"@id\":\"https:\/\/glassrock.com\/product\/mini-antique-green-olive-oil-bottle-100ml\/#breadcrumb\"},\"inLanguage\":\"cs\",\"potentialAction\":[{\"@type\":\"ReadAction\",\"target\":[\"https:\/\/glassrock.com\/product\/mini-antique-green-olive-oil-bottle-100ml\/\"]}]},{\"@type\":\"ImageObject\",\"inLanguage\":\"cs\",\"@id\":\"https:\/\/glassrock.com\/product\/mini-antique-green-olive-oil-bottle-100ml\/#primaryimage\",\"url\":\"https:\/\/glassrock.com\/wp-content\/uploads\/2025\/09\/Mini-Antique-Green-Olive-Oil-Bottle-100ml.png\",\"contentUrl\":\"https:\/\/glassrock.com\/wp-content\/uploads\/2025\/09\/Mini-Antique-Green-Olive-Oil-Bottle-100ml.png\",\"width\":458,\"height\":632},{\"@type\":\"BreadcrumbList\",\"@id\":\"https:\/\/glassrock.com\/product\/mini-antique-green-olive-oil-bottle-100ml\/#breadcrumb\",\"itemListElement\":[{\"@type\":\"ListItem\",\"position\":1,\"name\":\"Home\",\"item\":\"https:\/\/glassrock.com\/\"},{\"@type\":\"ListItem\",\"position\":2,\"name\":\"Products\",\"item\":\"https:\/\/glassrock.com\/shop\/\"},{\"@type\":\"ListItem\",\"position\":3,\"name\":\"Mini Antique Green Olive Oil Bottle 100ml\"}]},{\"@type\":\"WebSite\",\"@id\":\"https:\/\/glassrock.com\/#website\",\"url\":\"https:\/\/glassrock.com\/\",\"name\":\"glassrock.com\",\"description\":\"ISO 9001 Certified Glass Container Manufacturer\",\"publisher\":{\"@id\":\"https:\/\/glassrock.com\/#organization\"},\"potentialAction\":[{\"@type\":\"SearchAction\",\"target\":{\"@type\":\"EntryPoint\",\"urlTemplate\":\"https:\/\/glassrock.com\/?s={search_term_string}\"},\"query-input\":{\"@type\":\"PropertyValueSpecification\",\"valueRequired\":true,\"valueName\":\"search_term_string\"}}],\"inLanguage\":\"cs\"},{\"@type\":\"Organization\",\"@id\":\"https:\/\/glassrock.com\/#organization\",\"name\":\"glassrock.com\",\"url\":\"https:\/\/glassrock.com\/\",\"logo\":{\"@type\":\"ImageObject\",\"inLanguage\":\"cs\",\"@id\":\"https:\/\/glassrock.com\/#\/schema\/logo\/image\/\",\"url\":\"https:\/\/glassrock.com\/wp-content\/uploads\/2025\/06\/Logo_Glass-Rock_CN.png\",\"contentUrl\":\"https:\/\/glassrock.com\/wp-content\/uploads\/2025\/06\/Logo_Glass-Rock_CN.png\",\"width\":2223,\"height\":570,\"caption\":\"glassrock.com\"},\"image\":{\"@id\":\"https:\/\/glassrock.com\/#\/schema\/logo\/image\/\"}}]}<\/script>\n<!-- \/ Yoast SEO plugin. -->","yoast_head_json":{"title":"Oil Bottle antique green 100ml 134g 126mm 42mm Glassrock","description":"Olive Oil Bottle antique green with a volume of 100ml; weight 134g; height 126mm; diameter 42mm Glassrock. Customizable Oil Bottle from 80,000 bottles.","robots":{"index":"index","follow":"follow","max-snippet":"max-snippet:-1","max-image-preview":"max-image-preview:large","max-video-preview":"max-video-preview:-1"},"canonical":"https:\/\/glassrock.com\/cs\/product\/mini-antique-green-olive-oil-bottle-100ml\/","og_locale":"cs_CZ","og_type":"article","og_title":"Oil Bottle antique green 100ml 134g 126mm 42mm Glassrock","og_description":"Olive Oil Bottle antique green with a volume of 100ml; weight 134g; height 126mm; diameter 42mm Glassrock. Customizable Oil Bottle from 80,000 bottles.","og_url":"https:\/\/glassrock.com\/cs\/product\/mini-antique-green-olive-oil-bottle-100ml\/","og_site_name":"glassrock.com","og_image":[{"width":458,"height":632,"url":"https:\/\/glassrock.com\/wp-content\/uploads\/2025\/09\/Mini-Antique-Green-Olive-Oil-Bottle-100ml.png","type":"image\/png"}],"twitter_card":"summary_large_image","schema":{"@context":"https:\/\/schema.org","@graph":[{"@type":"WebPage","@id":"https:\/\/glassrock.com\/product\/mini-antique-green-olive-oil-bottle-100ml\/","url":"https:\/\/glassrock.com\/product\/mini-antique-green-olive-oil-bottle-100ml\/","name":"Oil Bottle antique green 100ml 134g 126mm 42mm Glassrock","isPartOf":{"@id":"https:\/\/glassrock.com\/#website"},"primaryImageOfPage":{"@id":"https:\/\/glassrock.com\/product\/mini-antique-green-olive-oil-bottle-100ml\/#primaryimage"},"image":{"@id":"https:\/\/glassrock.com\/product\/mini-antique-green-olive-oil-bottle-100ml\/#primaryimage"},"thumbnailUrl":"https:\/\/glassrock.com\/wp-content\/uploads\/2025\/09\/Mini-Antique-Green-Olive-Oil-Bottle-100ml.png","datePublished":"2025-09-07T20:54:57+00:00","description":"Olive Oil Bottle antique green with a volume of 100ml; weight 134g; height 126mm; diameter 42mm Glassrock. Customizable Oil Bottle from 80,000 bottles.","breadcrumb":{"@id":"https:\/\/glassrock.com\/product\/mini-antique-green-olive-oil-bottle-100ml\/#breadcrumb"},"inLanguage":"cs","potentialAction":[{"@type":"ReadAction","target":["https:\/\/glassrock.com\/product\/mini-antique-green-olive-oil-bottle-100ml\/"]}]},{"@type":"ImageObject","inLanguage":"cs","@id":"https:\/\/glassrock.com\/product\/mini-antique-green-olive-oil-bottle-100ml\/#primaryimage","url":"https:\/\/glassrock.com\/wp-content\/uploads\/2025\/09\/Mini-Antique-Green-Olive-Oil-Bottle-100ml.png","contentUrl":"https:\/\/glassrock.com\/wp-content\/uploads\/2025\/09\/Mini-Antique-Green-Olive-Oil-Bottle-100ml.png","width":458,"height":632},{"@type":"BreadcrumbList","@id":"https:\/\/glassrock.com\/product\/mini-antique-green-olive-oil-bottle-100ml\/#breadcrumb","itemListElement":[{"@type":"ListItem","position":1,"name":"Home","item":"https:\/\/glassrock.com\/"},{"@type":"ListItem","position":2,"name":"Products","item":"https:\/\/glassrock.com\/shop\/"},{"@type":"ListItem","position":3,"name":"Mini Antique Green Olive Oil Bottle 100ml"}]},{"@type":"WebSite","@id":"https:\/\/glassrock.com\/#website","url":"https:\/\/glassrock.com\/","name":"glassrock.com","description":"V\u00fdrobce sklen\u011bn\u00fdch n\u00e1dob s certifikac\u00ed ISO 9001","publisher":{"@id":"https:\/\/glassrock.com\/#organization"},"potentialAction":[{"@type":"SearchAction","target":{"@type":"EntryPoint","urlTemplate":"https:\/\/glassrock.com\/?s={search_term_string}"},"query-input":{"@type":"PropertyValueSpecification","valueRequired":true,"valueName":"search_term_string"}}],"inLanguage":"cs"},{"@type":"Organization","@id":"https:\/\/glassrock.com\/#organization","name":"glassrock.com","url":"https:\/\/glassrock.com\/","logo":{"@type":"ImageObject","inLanguage":"cs","@id":"https:\/\/glassrock.com\/#\/schema\/logo\/image\/","url":"https:\/\/glassrock.com\/wp-content\/uploads\/2025\/06\/Logo_Glass-Rock_CN.png","contentUrl":"https:\/\/glassrock.com\/wp-content\/uploads\/2025\/06\/Logo_Glass-Rock_CN.png","width":2223,"height":570,"caption":"glassrock.com"},"image":{"@id":"https:\/\/glassrock.com\/#\/schema\/logo\/image\/"}}]}},"_links":{"self":[{"href":"https:\/\/glassrock.com\/cs\/wp-json\/wp\/v2\/product\/2777","targetHints":{"allow":["GET"]}}],"collection":[{"href":"https:\/\/glassrock.com\/cs\/wp-json\/wp\/v2\/product"}],"about":[{"href":"https:\/\/glassrock.com\/cs\/wp-json\/wp\/v2\/types\/product"}],"replies":[{"embeddable":true,"href":"https:\/\/glassrock.com\/cs\/wp-json\/wp\/v2\/comments?post=2777"}],"version-history":[{"count":0,"href":"https:\/\/glassrock.com\/cs\/wp-json\/wp\/v2\/product\/2777\/revisions"}],"wp:featuredmedia":[{"embeddable":true,"href":"https:\/\/glassrock.com\/cs\/wp-json\/wp\/v2\/media\/2594"}],"wp:attachment":[{"href":"https:\/\/glassrock.com\/cs\/wp-json\/wp\/v2\/media?parent=2777"}],"wp:term":[{"taxonomy":"product_brand","embeddable":true,"href":"https:\/\/glassrock.com\/cs\/wp-json\/wp\/v2\/product_brand?post=2777"},{"taxonomy":"product_cat","embeddable":true,"href":"https:\/\/glassrock.com\/cs\/wp-json\/wp\/v2\/product_cat?post=2777"},{"taxonomy":"product_tag","embeddable":true,"href":"https:\/\/glassrock.com\/cs\/wp-json\/wp\/v2\/product_tag?post=2777"}],"curies":[{"name":"wp","href":"https:\/\/api.w.org\/{rel}","templated":true}]}}