{"id":397,"date":"2025-07-04T23:00:57","date_gmt":"2025-07-04T23:00:57","guid":{"rendered":"https:\/\/glassrock.com\/?post_type=product&#038;p=397"},"modified":"2025-07-11T22:41:42","modified_gmt":"2025-07-11T22:41:42","slug":"crystal-glass-cap","status":"publish","type":"product","link":"https:\/\/glassrock.com\/cs\/product\/crystal-glass-cap\/","title":{"rendered":"Paper finishing"},"content":{"rendered":"","protected":false},"excerpt":{"rendered":"<p>Ennui migas vinyl tonx direct typewriter jomo heirloom diy ipsum.<\/p>","protected":false},"featured_media":474,"comment_status":"open","ping_status":"closed","template":"","meta":{"_acf_changed":false},"product_brand":[],"product_cat":[15],"product_tag":[],"class_list":{"0":"post-397","1":"product","2":"type-product","3":"status-publish","4":"has-post-thumbnail","6":"product_cat-uncategorized","8":"first","9":"instock","10":"shipping-taxable","11":"product-type-simple"},"acf":[],"yoast_head":"<!-- This site is optimized with the Yoast SEO plugin v27.2 - https:\/\/yoast.com\/product\/yoast-seo-wordpress\/ -->\n<title>Paper finishing - glassrock.com<\/title>\n<meta name=\"robots\" content=\"index, follow, max-snippet:-1, max-image-preview:large, max-video-preview:-1\" \/>\n<link rel=\"canonical\" href=\"https:\/\/glassrock.com\/cs\/product\/crystal-glass-cap\/\" \/>\n<meta property=\"og:locale\" content=\"cs_CZ\" \/>\n<meta property=\"og:type\" content=\"article\" \/>\n<meta property=\"og:title\" content=\"Paper finishing - glassrock.com\" \/>\n<meta property=\"og:description\" content=\"Ennui migas vinyl tonx direct typewriter jomo heirloom diy ipsum.\" \/>\n<meta property=\"og:url\" content=\"https:\/\/glassrock.com\/cs\/product\/crystal-glass-cap\/\" \/>\n<meta property=\"og:site_name\" content=\"glassrock.com\" \/>\n<meta property=\"article:modified_time\" content=\"2025-07-11T22:41:42+00:00\" \/>\n<meta property=\"og:image\" content=\"https:\/\/glassrock.com\/wp-content\/uploads\/2025\/07\/img-3.png\" \/>\n\t<meta property=\"og:image:width\" content=\"560\" \/>\n\t<meta property=\"og:image:height\" content=\"560\" \/>\n\t<meta property=\"og:image:type\" content=\"image\/png\" \/>\n<meta name=\"twitter:card\" content=\"summary_large_image\" \/>\n<script type=\"application\/ld+json\" class=\"yoast-schema-graph\">{\"@context\":\"https:\/\/schema.org\",\"@graph\":[{\"@type\":\"WebPage\",\"@id\":\"https:\/\/glassrock.com\/product\/crystal-glass-cap\/\",\"url\":\"https:\/\/glassrock.com\/product\/crystal-glass-cap\/\",\"name\":\"Paper finishing - glassrock.com\",\"isPartOf\":{\"@id\":\"https:\/\/glassrock.com\/#website\"},\"primaryImageOfPage\":{\"@id\":\"https:\/\/glassrock.com\/product\/crystal-glass-cap\/#primaryimage\"},\"image\":{\"@id\":\"https:\/\/glassrock.com\/product\/crystal-glass-cap\/#primaryimage\"},\"thumbnailUrl\":\"https:\/\/glassrock.com\/wp-content\/uploads\/2025\/07\/img-3.png\",\"datePublished\":\"2025-07-04T23:00:57+00:00\",\"dateModified\":\"2025-07-11T22:41:42+00:00\",\"breadcrumb\":{\"@id\":\"https:\/\/glassrock.com\/product\/crystal-glass-cap\/#breadcrumb\"},\"inLanguage\":\"cs\",\"potentialAction\":[{\"@type\":\"ReadAction\",\"target\":[\"https:\/\/glassrock.com\/product\/crystal-glass-cap\/\"]}]},{\"@type\":\"ImageObject\",\"inLanguage\":\"cs\",\"@id\":\"https:\/\/glassrock.com\/product\/crystal-glass-cap\/#primaryimage\",\"url\":\"https:\/\/glassrock.com\/wp-content\/uploads\/2025\/07\/img-3.png\",\"contentUrl\":\"https:\/\/glassrock.com\/wp-content\/uploads\/2025\/07\/img-3.png\",\"width\":560,\"height\":560},{\"@type\":\"BreadcrumbList\",\"@id\":\"https:\/\/glassrock.com\/product\/crystal-glass-cap\/#breadcrumb\",\"itemListElement\":[{\"@type\":\"ListItem\",\"position\":1,\"name\":\"Home\",\"item\":\"https:\/\/glassrock.com\/\"},{\"@type\":\"ListItem\",\"position\":2,\"name\":\"Products\",\"item\":\"https:\/\/glassrock.com\/shop\/\"},{\"@type\":\"ListItem\",\"position\":3,\"name\":\"Paper finishing\"}]},{\"@type\":\"WebSite\",\"@id\":\"https:\/\/glassrock.com\/#website\",\"url\":\"https:\/\/glassrock.com\/\",\"name\":\"glassrock.com\",\"description\":\"ISO 9001 Certified Glass Container Manufacturer\",\"publisher\":{\"@id\":\"https:\/\/glassrock.com\/#organization\"},\"potentialAction\":[{\"@type\":\"SearchAction\",\"target\":{\"@type\":\"EntryPoint\",\"urlTemplate\":\"https:\/\/glassrock.com\/?s={search_term_string}\"},\"query-input\":{\"@type\":\"PropertyValueSpecification\",\"valueRequired\":true,\"valueName\":\"search_term_string\"}}],\"inLanguage\":\"cs\"},{\"@type\":\"Organization\",\"@id\":\"https:\/\/glassrock.com\/#organization\",\"name\":\"glassrock.com\",\"url\":\"https:\/\/glassrock.com\/\",\"logo\":{\"@type\":\"ImageObject\",\"inLanguage\":\"cs\",\"@id\":\"https:\/\/glassrock.com\/#\/schema\/logo\/image\/\",\"url\":\"https:\/\/glassrock.com\/wp-content\/uploads\/2025\/06\/Logo_Glass-Rock_CN.png\",\"contentUrl\":\"https:\/\/glassrock.com\/wp-content\/uploads\/2025\/06\/Logo_Glass-Rock_CN.png\",\"width\":2223,\"height\":570,\"caption\":\"glassrock.com\"},\"image\":{\"@id\":\"https:\/\/glassrock.com\/#\/schema\/logo\/image\/\"}}]}<\/script>\n<!-- \/ Yoast SEO plugin. -->","yoast_head_json":{"title":"Paper finishing - glassrock.com","robots":{"index":"index","follow":"follow","max-snippet":"max-snippet:-1","max-image-preview":"max-image-preview:large","max-video-preview":"max-video-preview:-1"},"canonical":"https:\/\/glassrock.com\/cs\/product\/crystal-glass-cap\/","og_locale":"cs_CZ","og_type":"article","og_title":"Paper finishing - glassrock.com","og_description":"Ennui migas vinyl tonx direct typewriter jomo heirloom diy ipsum.","og_url":"https:\/\/glassrock.com\/cs\/product\/crystal-glass-cap\/","og_site_name":"glassrock.com","article_modified_time":"2025-07-11T22:41:42+00:00","og_image":[{"width":560,"height":560,"url":"https:\/\/glassrock.com\/wp-content\/uploads\/2025\/07\/img-3.png","type":"image\/png"}],"twitter_card":"summary_large_image","schema":{"@context":"https:\/\/schema.org","@graph":[{"@type":"WebPage","@id":"https:\/\/glassrock.com\/product\/crystal-glass-cap\/","url":"https:\/\/glassrock.com\/product\/crystal-glass-cap\/","name":"Paper finishing - glassrock.com","isPartOf":{"@id":"https:\/\/glassrock.com\/#website"},"primaryImageOfPage":{"@id":"https:\/\/glassrock.com\/product\/crystal-glass-cap\/#primaryimage"},"image":{"@id":"https:\/\/glassrock.com\/product\/crystal-glass-cap\/#primaryimage"},"thumbnailUrl":"https:\/\/glassrock.com\/wp-content\/uploads\/2025\/07\/img-3.png","datePublished":"2025-07-04T23:00:57+00:00","dateModified":"2025-07-11T22:41:42+00:00","breadcrumb":{"@id":"https:\/\/glassrock.com\/product\/crystal-glass-cap\/#breadcrumb"},"inLanguage":"cs","potentialAction":[{"@type":"ReadAction","target":["https:\/\/glassrock.com\/product\/crystal-glass-cap\/"]}]},{"@type":"ImageObject","inLanguage":"cs","@id":"https:\/\/glassrock.com\/product\/crystal-glass-cap\/#primaryimage","url":"https:\/\/glassrock.com\/wp-content\/uploads\/2025\/07\/img-3.png","contentUrl":"https:\/\/glassrock.com\/wp-content\/uploads\/2025\/07\/img-3.png","width":560,"height":560},{"@type":"BreadcrumbList","@id":"https:\/\/glassrock.com\/product\/crystal-glass-cap\/#breadcrumb","itemListElement":[{"@type":"ListItem","position":1,"name":"Home","item":"https:\/\/glassrock.com\/"},{"@type":"ListItem","position":2,"name":"Products","item":"https:\/\/glassrock.com\/shop\/"},{"@type":"ListItem","position":3,"name":"Paper finishing"}]},{"@type":"WebSite","@id":"https:\/\/glassrock.com\/#website","url":"https:\/\/glassrock.com\/","name":"glassrock.com","description":"V\u00fdrobce sklen\u011bn\u00fdch n\u00e1dob s certifikac\u00ed ISO 9001","publisher":{"@id":"https:\/\/glassrock.com\/#organization"},"potentialAction":[{"@type":"SearchAction","target":{"@type":"EntryPoint","urlTemplate":"https:\/\/glassrock.com\/?s={search_term_string}"},"query-input":{"@type":"PropertyValueSpecification","valueRequired":true,"valueName":"search_term_string"}}],"inLanguage":"cs"},{"@type":"Organization","@id":"https:\/\/glassrock.com\/#organization","name":"glassrock.com","url":"https:\/\/glassrock.com\/","logo":{"@type":"ImageObject","inLanguage":"cs","@id":"https:\/\/glassrock.com\/#\/schema\/logo\/image\/","url":"https:\/\/glassrock.com\/wp-content\/uploads\/2025\/06\/Logo_Glass-Rock_CN.png","contentUrl":"https:\/\/glassrock.com\/wp-content\/uploads\/2025\/06\/Logo_Glass-Rock_CN.png","width":2223,"height":570,"caption":"glassrock.com"},"image":{"@id":"https:\/\/glassrock.com\/#\/schema\/logo\/image\/"}}]}},"_links":{"self":[{"href":"https:\/\/glassrock.com\/cs\/wp-json\/wp\/v2\/product\/397","targetHints":{"allow":["GET"]}}],"collection":[{"href":"https:\/\/glassrock.com\/cs\/wp-json\/wp\/v2\/product"}],"about":[{"href":"https:\/\/glassrock.com\/cs\/wp-json\/wp\/v2\/types\/product"}],"replies":[{"embeddable":true,"href":"https:\/\/glassrock.com\/cs\/wp-json\/wp\/v2\/comments?post=397"}],"version-history":[{"count":0,"href":"https:\/\/glassrock.com\/cs\/wp-json\/wp\/v2\/product\/397\/revisions"}],"wp:featuredmedia":[{"embeddable":true,"href":"https:\/\/glassrock.com\/cs\/wp-json\/wp\/v2\/media\/474"}],"wp:attachment":[{"href":"https:\/\/glassrock.com\/cs\/wp-json\/wp\/v2\/media?parent=397"}],"wp:term":[{"taxonomy":"product_brand","embeddable":true,"href":"https:\/\/glassrock.com\/cs\/wp-json\/wp\/v2\/product_brand?post=397"},{"taxonomy":"product_cat","embeddable":true,"href":"https:\/\/glassrock.com\/cs\/wp-json\/wp\/v2\/product_cat?post=397"},{"taxonomy":"product_tag","embeddable":true,"href":"https:\/\/glassrock.com\/cs\/wp-json\/wp\/v2\/product_tag?post=397"}],"curies":[{"name":"wp","href":"https:\/\/api.w.org\/{rel}","templated":true}]}}