{"id":6692,"date":"2025-09-29T19:27:43","date_gmt":"2025-09-29T19:27:43","guid":{"rendered":"https:\/\/glassrock.com\/product\/falcon\/"},"modified":"2025-09-29T19:27:43","modified_gmt":"2025-09-29T19:27:43","slug":"falcon","status":"publish","type":"product","link":"https:\/\/glassrock.com\/cs\/product\/falcon\/","title":{"rendered":"Falcon"},"content":{"rendered":"","protected":false},"excerpt":{"rendered":"","protected":false},"featured_media":5870,"comment_status":"open","ping_status":"closed","template":"","meta":{"_acf_changed":false},"product_brand":[],"product_cat":[87],"product_tag":[],"class_list":{"0":"post-6692","1":"product","2":"type-product","3":"status-publish","4":"has-post-thumbnail","6":"product_cat-liquor-bottles","7":"pa_type-de-bouteille-liquor","9":"first","10":"instock","11":"shipping-taxable","12":"product-type-simple"},"acf":[],"yoast_head":"<!-- This site is optimized with the Yoast SEO plugin v27.2 - https:\/\/yoast.com\/product\/yoast-seo-wordpress\/ -->\n<title>Falcon 750ml extra flint liquor glass 750g bottle<\/title>\n<meta name=\"description\" content=\"Acquire Falcon 750ml Extra Flint glass bottles for Vodka, Whisky, Gin, Rhum, Tequila and Mezcal MOQ 12000. Customize shape, cap and label\" \/>\n<meta name=\"robots\" content=\"index, follow, max-snippet:-1, max-image-preview:large, max-video-preview:-1\" \/>\n<link rel=\"canonical\" href=\"https:\/\/glassrock.com\/cs\/product\/falcon\/\" \/>\n<meta property=\"og:locale\" content=\"cs_CZ\" \/>\n<meta property=\"og:type\" content=\"article\" \/>\n<meta property=\"og:title\" content=\"Falcon 750ml extra flint liquor glass 750g bottle\" \/>\n<meta property=\"og:description\" content=\"Acquire Falcon 750ml Extra Flint glass bottles for Vodka, Whisky, Gin, Rhum, Tequila and Mezcal MOQ 12000. Customize shape, cap and label\" \/>\n<meta property=\"og:url\" content=\"https:\/\/glassrock.com\/cs\/product\/falcon\/\" \/>\n<meta property=\"og:site_name\" content=\"glassrock.com\" \/>\n<meta property=\"og:image\" content=\"https:\/\/glassrock.com\/wp-content\/uploads\/2025\/09\/Falcon.png\" \/>\n\t<meta property=\"og:image:width\" content=\"709\" \/>\n\t<meta property=\"og:image:height\" content=\"945\" \/>\n\t<meta property=\"og:image:type\" content=\"image\/png\" \/>\n<meta name=\"twitter:card\" content=\"summary_large_image\" \/>\n<script type=\"application\/ld+json\" class=\"yoast-schema-graph\">{\"@context\":\"https:\/\/schema.org\",\"@graph\":[{\"@type\":\"WebPage\",\"@id\":\"https:\/\/glassrock.com\/product\/falcon\/\",\"url\":\"https:\/\/glassrock.com\/product\/falcon\/\",\"name\":\"Falcon 750ml extra flint liquor glass 750g bottle\",\"isPartOf\":{\"@id\":\"https:\/\/glassrock.com\/#website\"},\"primaryImageOfPage\":{\"@id\":\"https:\/\/glassrock.com\/product\/falcon\/#primaryimage\"},\"image\":{\"@id\":\"https:\/\/glassrock.com\/product\/falcon\/#primaryimage\"},\"thumbnailUrl\":\"https:\/\/glassrock.com\/wp-content\/uploads\/2025\/09\/Falcon.png\",\"datePublished\":\"2025-09-29T19:27:43+00:00\",\"description\":\"Acquire Falcon 750ml Extra Flint glass bottles for Vodka, Whisky, Gin, Rhum, Tequila and Mezcal MOQ 12000. Customize shape, cap and label\",\"breadcrumb\":{\"@id\":\"https:\/\/glassrock.com\/product\/falcon\/#breadcrumb\"},\"inLanguage\":\"cs\",\"potentialAction\":[{\"@type\":\"ReadAction\",\"target\":[\"https:\/\/glassrock.com\/product\/falcon\/\"]}]},{\"@type\":\"ImageObject\",\"inLanguage\":\"cs\",\"@id\":\"https:\/\/glassrock.com\/product\/falcon\/#primaryimage\",\"url\":\"https:\/\/glassrock.com\/wp-content\/uploads\/2025\/09\/Falcon.png\",\"contentUrl\":\"https:\/\/glassrock.com\/wp-content\/uploads\/2025\/09\/Falcon.png\",\"width\":709,\"height\":945},{\"@type\":\"BreadcrumbList\",\"@id\":\"https:\/\/glassrock.com\/product\/falcon\/#breadcrumb\",\"itemListElement\":[{\"@type\":\"ListItem\",\"position\":1,\"name\":\"Home\",\"item\":\"https:\/\/glassrock.com\/\"},{\"@type\":\"ListItem\",\"position\":2,\"name\":\"Products\",\"item\":\"https:\/\/glassrock.com\/shop\/\"},{\"@type\":\"ListItem\",\"position\":3,\"name\":\"Falcon\"}]},{\"@type\":\"WebSite\",\"@id\":\"https:\/\/glassrock.com\/#website\",\"url\":\"https:\/\/glassrock.com\/\",\"name\":\"glassrock.com\",\"description\":\"ISO 9001 Certified Glass Container Manufacturer\",\"publisher\":{\"@id\":\"https:\/\/glassrock.com\/#organization\"},\"potentialAction\":[{\"@type\":\"SearchAction\",\"target\":{\"@type\":\"EntryPoint\",\"urlTemplate\":\"https:\/\/glassrock.com\/?s={search_term_string}\"},\"query-input\":{\"@type\":\"PropertyValueSpecification\",\"valueRequired\":true,\"valueName\":\"search_term_string\"}}],\"inLanguage\":\"cs\"},{\"@type\":\"Organization\",\"@id\":\"https:\/\/glassrock.com\/#organization\",\"name\":\"glassrock.com\",\"url\":\"https:\/\/glassrock.com\/\",\"logo\":{\"@type\":\"ImageObject\",\"inLanguage\":\"cs\",\"@id\":\"https:\/\/glassrock.com\/#\/schema\/logo\/image\/\",\"url\":\"https:\/\/glassrock.com\/wp-content\/uploads\/2025\/06\/Logo_Glass-Rock_CN.png\",\"contentUrl\":\"https:\/\/glassrock.com\/wp-content\/uploads\/2025\/06\/Logo_Glass-Rock_CN.png\",\"width\":2223,\"height\":570,\"caption\":\"glassrock.com\"},\"image\":{\"@id\":\"https:\/\/glassrock.com\/#\/schema\/logo\/image\/\"}}]}<\/script>\n<!-- \/ Yoast SEO plugin. -->","yoast_head_json":{"title":"Falcon 750ml extra flint liquor glass 750g bottle","description":"Acquire Falcon 750ml Extra Flint glass bottles for Vodka, Whisky, Gin, Rhum, Tequila and Mezcal MOQ 12000. Customize shape, cap and label","robots":{"index":"index","follow":"follow","max-snippet":"max-snippet:-1","max-image-preview":"max-image-preview:large","max-video-preview":"max-video-preview:-1"},"canonical":"https:\/\/glassrock.com\/cs\/product\/falcon\/","og_locale":"cs_CZ","og_type":"article","og_title":"Falcon 750ml extra flint liquor glass 750g bottle","og_description":"Acquire Falcon 750ml Extra Flint glass bottles for Vodka, Whisky, Gin, Rhum, Tequila and Mezcal MOQ 12000. Customize shape, cap and label","og_url":"https:\/\/glassrock.com\/cs\/product\/falcon\/","og_site_name":"glassrock.com","og_image":[{"width":709,"height":945,"url":"https:\/\/glassrock.com\/wp-content\/uploads\/2025\/09\/Falcon.png","type":"image\/png"}],"twitter_card":"summary_large_image","schema":{"@context":"https:\/\/schema.org","@graph":[{"@type":"WebPage","@id":"https:\/\/glassrock.com\/product\/falcon\/","url":"https:\/\/glassrock.com\/product\/falcon\/","name":"Falcon 750ml extra flint liquor glass 750g bottle","isPartOf":{"@id":"https:\/\/glassrock.com\/#website"},"primaryImageOfPage":{"@id":"https:\/\/glassrock.com\/product\/falcon\/#primaryimage"},"image":{"@id":"https:\/\/glassrock.com\/product\/falcon\/#primaryimage"},"thumbnailUrl":"https:\/\/glassrock.com\/wp-content\/uploads\/2025\/09\/Falcon.png","datePublished":"2025-09-29T19:27:43+00:00","description":"Acquire Falcon 750ml Extra Flint glass bottles for Vodka, Whisky, Gin, Rhum, Tequila and Mezcal MOQ 12000. Customize shape, cap and label","breadcrumb":{"@id":"https:\/\/glassrock.com\/product\/falcon\/#breadcrumb"},"inLanguage":"cs","potentialAction":[{"@type":"ReadAction","target":["https:\/\/glassrock.com\/product\/falcon\/"]}]},{"@type":"ImageObject","inLanguage":"cs","@id":"https:\/\/glassrock.com\/product\/falcon\/#primaryimage","url":"https:\/\/glassrock.com\/wp-content\/uploads\/2025\/09\/Falcon.png","contentUrl":"https:\/\/glassrock.com\/wp-content\/uploads\/2025\/09\/Falcon.png","width":709,"height":945},{"@type":"BreadcrumbList","@id":"https:\/\/glassrock.com\/product\/falcon\/#breadcrumb","itemListElement":[{"@type":"ListItem","position":1,"name":"Home","item":"https:\/\/glassrock.com\/"},{"@type":"ListItem","position":2,"name":"Products","item":"https:\/\/glassrock.com\/shop\/"},{"@type":"ListItem","position":3,"name":"Falcon"}]},{"@type":"WebSite","@id":"https:\/\/glassrock.com\/#website","url":"https:\/\/glassrock.com\/","name":"glassrock.com","description":"V\u00fdrobce sklen\u011bn\u00fdch n\u00e1dob s certifikac\u00ed ISO 9001","publisher":{"@id":"https:\/\/glassrock.com\/#organization"},"potentialAction":[{"@type":"SearchAction","target":{"@type":"EntryPoint","urlTemplate":"https:\/\/glassrock.com\/?s={search_term_string}"},"query-input":{"@type":"PropertyValueSpecification","valueRequired":true,"valueName":"search_term_string"}}],"inLanguage":"cs"},{"@type":"Organization","@id":"https:\/\/glassrock.com\/#organization","name":"glassrock.com","url":"https:\/\/glassrock.com\/","logo":{"@type":"ImageObject","inLanguage":"cs","@id":"https:\/\/glassrock.com\/#\/schema\/logo\/image\/","url":"https:\/\/glassrock.com\/wp-content\/uploads\/2025\/06\/Logo_Glass-Rock_CN.png","contentUrl":"https:\/\/glassrock.com\/wp-content\/uploads\/2025\/06\/Logo_Glass-Rock_CN.png","width":2223,"height":570,"caption":"glassrock.com"},"image":{"@id":"https:\/\/glassrock.com\/#\/schema\/logo\/image\/"}}]}},"_links":{"self":[{"href":"https:\/\/glassrock.com\/cs\/wp-json\/wp\/v2\/product\/6692","targetHints":{"allow":["GET"]}}],"collection":[{"href":"https:\/\/glassrock.com\/cs\/wp-json\/wp\/v2\/product"}],"about":[{"href":"https:\/\/glassrock.com\/cs\/wp-json\/wp\/v2\/types\/product"}],"replies":[{"embeddable":true,"href":"https:\/\/glassrock.com\/cs\/wp-json\/wp\/v2\/comments?post=6692"}],"version-history":[{"count":0,"href":"https:\/\/glassrock.com\/cs\/wp-json\/wp\/v2\/product\/6692\/revisions"}],"wp:featuredmedia":[{"embeddable":true,"href":"https:\/\/glassrock.com\/cs\/wp-json\/wp\/v2\/media\/5870"}],"wp:attachment":[{"href":"https:\/\/glassrock.com\/cs\/wp-json\/wp\/v2\/media?parent=6692"}],"wp:term":[{"taxonomy":"product_brand","embeddable":true,"href":"https:\/\/glassrock.com\/cs\/wp-json\/wp\/v2\/product_brand?post=6692"},{"taxonomy":"product_cat","embeddable":true,"href":"https:\/\/glassrock.com\/cs\/wp-json\/wp\/v2\/product_cat?post=6692"},{"taxonomy":"product_tag","embeddable":true,"href":"https:\/\/glassrock.com\/cs\/wp-json\/wp\/v2\/product_tag?post=6692"}],"curies":[{"name":"wp","href":"https:\/\/api.w.org\/{rel}","templated":true}]}}